{"id":365,"date":"2017-05-01T09:57:00","date_gmt":"2017-05-01T09:57:00","guid":{"rendered":"https:\/\/raratheme.com\/preview\/education-zone\/?page_id=365"},"modified":"2025-01-16T15:38:22","modified_gmt":"2025-01-16T15:38:22","slug":"education-zone","status":"publish","type":"page","link":"https:\/\/aileweb.fr\/index.php\/education-zone\/","title":{"rendered":"L&rsquo;Espace Multim\u00e9dia : Un lieu d&rsquo;apprentissage et d&rsquo;\u00e9change"},"content":{"rendered":"<p>L&rsquo;espace multim\u00e9dia d&rsquo;AILE est bien plus qu&rsquo;un simple lieu d&rsquo;acc\u00e8s \u00e0 des ordinateurs. C&rsquo;est un espace convivial o\u00f9 l&rsquo;on se rencontre, on \u00e9change et on apprend ensemble.<img fetchpriority=\"high\" decoding=\"async\" class=\"size-medium wp-image-412 alignright\" src=\"https:\/\/aileweb.fr\/wp-content\/uploads\/2025\/01\/EM-illustration-300x200.jpg\" alt=\"\" width=\"300\" height=\"200\" srcset=\"https:\/\/aileweb.fr\/wp-content\/uploads\/2025\/01\/EM-illustration-300x200.jpg 300w, https:\/\/aileweb.fr\/wp-content\/uploads\/2025\/01\/EM-illustration.jpg 498w\" sizes=\"(max-width: 300px) 100vw, 300px\" \/><\/p>\n<p><strong>Ce que vous trouverez \u00e0 l&rsquo;espace multim\u00e9dia :<\/strong><\/p>\n<ul>\n<li><strong>Mat\u00e9riel num\u00e9rique performant :<\/strong> Des ordinateurs r\u00e9cents, une connexion internet haut d\u00e9bit, des imprimantes, des tablettes et autres outils \u00e0 votre disposition.<\/li>\n<li><strong>Un accompagnement personnalis\u00e9 :<\/strong> Des animateurs et des b\u00e9n\u00e9voles sont pr\u00e9sents pour vous guider dans vos d\u00e9marches, r\u00e9pondre \u00e0 vos questions et vous aider \u00e0 d\u00e9velopper vos comp\u00e9tences num\u00e9riques.<\/li>\n<li><strong>Une ambiance chaleureuse et inclusive :<\/strong> Un lieu ouvert \u00e0 tous, o\u00f9 chacun se sent \u00e0 l&rsquo;aise pour apprendre et progresser \u00e0 son rythme.<\/li>\n<\/ul>\n","protected":false},"excerpt":{"rendered":"<p>L&rsquo;espace multim\u00e9dia d&rsquo;AILE est bien plus qu&rsquo;un simple lieu d&rsquo;acc\u00e8s \u00e0 des ordinateurs. C&rsquo;est un espace convivial o\u00f9 l&rsquo;on se &hellip; <\/p>\n","protected":false},"author":1,"featured_media":0,"parent":0,"menu_order":0,"comment_status":"closed","ping_status":"closed","template":"","meta":{"footnotes":""},"class_list":["post-365","page","type-page","status-publish","hentry"],"yoast_head":"<!-- This site is optimized with the Yoast SEO plugin v24.2 - https:\/\/yoast.com\/wordpress\/plugins\/seo\/ -->\n<title>L&#039;Espace Multim\u00e9dia : Un lieu d&#039;apprentissage et d&#039;\u00e9change - ACCES INTERNET EN LIBRE ECHANGE | AILE<\/title>\n<meta name=\"robots\" content=\"index, follow, max-snippet:-1, max-image-preview:large, max-video-preview:-1\" \/>\n<link rel=\"canonical\" href=\"https:\/\/aileweb.fr\/index.php\/education-zone\/\" \/>\n<meta property=\"og:locale\" content=\"fr_FR\" \/>\n<meta property=\"og:type\" content=\"article\" \/>\n<meta property=\"og:title\" content=\"L&#039;Espace Multim\u00e9dia : Un lieu d&#039;apprentissage et d&#039;\u00e9change - ACCES INTERNET EN LIBRE ECHANGE | AILE\" \/>\n<meta property=\"og:description\" content=\"L&rsquo;espace multim\u00e9dia d&rsquo;AILE est bien plus qu&rsquo;un simple lieu d&rsquo;acc\u00e8s \u00e0 des ordinateurs. C&rsquo;est un espace convivial o\u00f9 l&rsquo;on se &hellip;\" \/>\n<meta property=\"og:url\" content=\"https:\/\/aileweb.fr\/index.php\/education-zone\/\" \/>\n<meta property=\"og:site_name\" content=\"ACCES INTERNET EN LIBRE ECHANGE | AILE\" \/>\n<meta property=\"article:modified_time\" content=\"2025-01-16T15:38:22+00:00\" \/>\n<meta property=\"og:image\" content=\"https:\/\/aileweb.fr\/wp-content\/uploads\/2025\/01\/EM-illustration.jpg\" \/>\n\t<meta property=\"og:image:width\" content=\"498\" \/>\n\t<meta property=\"og:image:height\" content=\"332\" \/>\n\t<meta property=\"og:image:type\" content=\"image\/jpeg\" \/>\n<meta name=\"twitter:card\" content=\"summary_large_image\" \/>\n<meta name=\"twitter:label1\" content=\"Dur\u00e9e de lecture estim\u00e9e\" \/>\n\t<meta name=\"twitter:data1\" content=\"1 minute\" \/>\n<script type=\"application\/ld+json\" class=\"yoast-schema-graph\">{\"@context\":\"https:\/\/schema.org\",\"@graph\":[{\"@type\":\"WebPage\",\"@id\":\"https:\/\/aileweb.fr\/index.php\/education-zone\/\",\"url\":\"https:\/\/aileweb.fr\/index.php\/education-zone\/\",\"name\":\"L'Espace Multim\u00e9dia : Un lieu d'apprentissage et d'\u00e9change - ACCES INTERNET EN LIBRE ECHANGE | AILE\",\"isPartOf\":{\"@id\":\"https:\/\/aileweb.fr\/#website\"},\"primaryImageOfPage\":{\"@id\":\"https:\/\/aileweb.fr\/index.php\/education-zone\/#primaryimage\"},\"image\":{\"@id\":\"https:\/\/aileweb.fr\/index.php\/education-zone\/#primaryimage\"},\"thumbnailUrl\":\"https:\/\/aileweb.fr\/wp-content\/uploads\/2025\/01\/EM-illustration-300x200.jpg\",\"datePublished\":\"2017-05-01T09:57:00+00:00\",\"dateModified\":\"2025-01-16T15:38:22+00:00\",\"breadcrumb\":{\"@id\":\"https:\/\/aileweb.fr\/index.php\/education-zone\/#breadcrumb\"},\"inLanguage\":\"fr-FR\",\"potentialAction\":[{\"@type\":\"ReadAction\",\"target\":[\"https:\/\/aileweb.fr\/index.php\/education-zone\/\"]}]},{\"@type\":\"ImageObject\",\"inLanguage\":\"fr-FR\",\"@id\":\"https:\/\/aileweb.fr\/index.php\/education-zone\/#primaryimage\",\"url\":\"https:\/\/aileweb.fr\/wp-content\/uploads\/2025\/01\/EM-illustration.jpg\",\"contentUrl\":\"https:\/\/aileweb.fr\/wp-content\/uploads\/2025\/01\/EM-illustration.jpg\",\"width\":498,\"height\":332},{\"@type\":\"BreadcrumbList\",\"@id\":\"https:\/\/aileweb.fr\/index.php\/education-zone\/#breadcrumb\",\"itemListElement\":[{\"@type\":\"ListItem\",\"position\":1,\"name\":\"Accueil\",\"item\":\"https:\/\/aileweb.fr\/\"},{\"@type\":\"ListItem\",\"position\":2,\"name\":\"L&rsquo;Espace Multim\u00e9dia : Un lieu d&rsquo;apprentissage et d&rsquo;\u00e9change\"}]},{\"@type\":\"WebSite\",\"@id\":\"https:\/\/aileweb.fr\/#website\",\"url\":\"https:\/\/aileweb.fr\/\",\"name\":\"ACCES INTERNET EN LIBRE ECHANGE | AILE\",\"description\":\"Les nouvelles technologies au service de l&#039;humain\",\"publisher\":{\"@id\":\"https:\/\/aileweb.fr\/#organization\"},\"potentialAction\":[{\"@type\":\"SearchAction\",\"target\":{\"@type\":\"EntryPoint\",\"urlTemplate\":\"https:\/\/aileweb.fr\/?s={search_term_string}\"},\"query-input\":{\"@type\":\"PropertyValueSpecification\",\"valueRequired\":true,\"valueName\":\"search_term_string\"}}],\"inLanguage\":\"fr-FR\"},{\"@type\":\"Organization\",\"@id\":\"https:\/\/aileweb.fr\/#organization\",\"name\":\"ACCES INTERNET EN LIBRE ECHANGE | AILE\",\"url\":\"https:\/\/aileweb.fr\/\",\"logo\":{\"@type\":\"ImageObject\",\"inLanguage\":\"fr-FR\",\"@id\":\"https:\/\/aileweb.fr\/#\/schema\/logo\/image\/\",\"url\":\"https:\/\/aileweb.fr\/wp-content\/uploads\/2024\/06\/cropped-cropped-Logo_aile10-e1717513403579.png\",\"contentUrl\":\"https:\/\/aileweb.fr\/wp-content\/uploads\/2024\/06\/cropped-cropped-Logo_aile10-e1717513403579.png\",\"width\":250,\"height\":112,\"caption\":\"ACCES INTERNET EN LIBRE ECHANGE  | AILE\"},\"image\":{\"@id\":\"https:\/\/aileweb.fr\/#\/schema\/logo\/image\/\"}}]}<\/script>\n<!-- \/ Yoast SEO plugin. -->","yoast_head_json":{"title":"L'Espace Multim\u00e9dia : Un lieu d'apprentissage et d'\u00e9change - ACCES INTERNET EN LIBRE ECHANGE | AILE","robots":{"index":"index","follow":"follow","max-snippet":"max-snippet:-1","max-image-preview":"max-image-preview:large","max-video-preview":"max-video-preview:-1"},"canonical":"https:\/\/aileweb.fr\/index.php\/education-zone\/","og_locale":"fr_FR","og_type":"article","og_title":"L'Espace Multim\u00e9dia : Un lieu d'apprentissage et d'\u00e9change - ACCES INTERNET EN LIBRE ECHANGE | AILE","og_description":"L&rsquo;espace multim\u00e9dia d&rsquo;AILE est bien plus qu&rsquo;un simple lieu d&rsquo;acc\u00e8s \u00e0 des ordinateurs. C&rsquo;est un espace convivial o\u00f9 l&rsquo;on se &hellip;","og_url":"https:\/\/aileweb.fr\/index.php\/education-zone\/","og_site_name":"ACCES INTERNET EN LIBRE ECHANGE | AILE","article_modified_time":"2025-01-16T15:38:22+00:00","og_image":[{"width":498,"height":332,"url":"https:\/\/aileweb.fr\/wp-content\/uploads\/2025\/01\/EM-illustration.jpg","type":"image\/jpeg"}],"twitter_card":"summary_large_image","twitter_misc":{"Dur\u00e9e de lecture estim\u00e9e":"1 minute"},"schema":{"@context":"https:\/\/schema.org","@graph":[{"@type":"WebPage","@id":"https:\/\/aileweb.fr\/index.php\/education-zone\/","url":"https:\/\/aileweb.fr\/index.php\/education-zone\/","name":"L'Espace Multim\u00e9dia : Un lieu d'apprentissage et d'\u00e9change - ACCES INTERNET EN LIBRE ECHANGE | AILE","isPartOf":{"@id":"https:\/\/aileweb.fr\/#website"},"primaryImageOfPage":{"@id":"https:\/\/aileweb.fr\/index.php\/education-zone\/#primaryimage"},"image":{"@id":"https:\/\/aileweb.fr\/index.php\/education-zone\/#primaryimage"},"thumbnailUrl":"https:\/\/aileweb.fr\/wp-content\/uploads\/2025\/01\/EM-illustration-300x200.jpg","datePublished":"2017-05-01T09:57:00+00:00","dateModified":"2025-01-16T15:38:22+00:00","breadcrumb":{"@id":"https:\/\/aileweb.fr\/index.php\/education-zone\/#breadcrumb"},"inLanguage":"fr-FR","potentialAction":[{"@type":"ReadAction","target":["https:\/\/aileweb.fr\/index.php\/education-zone\/"]}]},{"@type":"ImageObject","inLanguage":"fr-FR","@id":"https:\/\/aileweb.fr\/index.php\/education-zone\/#primaryimage","url":"https:\/\/aileweb.fr\/wp-content\/uploads\/2025\/01\/EM-illustration.jpg","contentUrl":"https:\/\/aileweb.fr\/wp-content\/uploads\/2025\/01\/EM-illustration.jpg","width":498,"height":332},{"@type":"BreadcrumbList","@id":"https:\/\/aileweb.fr\/index.php\/education-zone\/#breadcrumb","itemListElement":[{"@type":"ListItem","position":1,"name":"Accueil","item":"https:\/\/aileweb.fr\/"},{"@type":"ListItem","position":2,"name":"L&rsquo;Espace Multim\u00e9dia : Un lieu d&rsquo;apprentissage et d&rsquo;\u00e9change"}]},{"@type":"WebSite","@id":"https:\/\/aileweb.fr\/#website","url":"https:\/\/aileweb.fr\/","name":"ACCES INTERNET EN LIBRE ECHANGE | AILE","description":"Les nouvelles technologies au service de l&#039;humain","publisher":{"@id":"https:\/\/aileweb.fr\/#organization"},"potentialAction":[{"@type":"SearchAction","target":{"@type":"EntryPoint","urlTemplate":"https:\/\/aileweb.fr\/?s={search_term_string}"},"query-input":{"@type":"PropertyValueSpecification","valueRequired":true,"valueName":"search_term_string"}}],"inLanguage":"fr-FR"},{"@type":"Organization","@id":"https:\/\/aileweb.fr\/#organization","name":"ACCES INTERNET EN LIBRE ECHANGE | AILE","url":"https:\/\/aileweb.fr\/","logo":{"@type":"ImageObject","inLanguage":"fr-FR","@id":"https:\/\/aileweb.fr\/#\/schema\/logo\/image\/","url":"https:\/\/aileweb.fr\/wp-content\/uploads\/2024\/06\/cropped-cropped-Logo_aile10-e1717513403579.png","contentUrl":"https:\/\/aileweb.fr\/wp-content\/uploads\/2024\/06\/cropped-cropped-Logo_aile10-e1717513403579.png","width":250,"height":112,"caption":"ACCES INTERNET EN LIBRE ECHANGE  | AILE"},"image":{"@id":"https:\/\/aileweb.fr\/#\/schema\/logo\/image\/"}}]}},"_links":{"self":[{"href":"https:\/\/aileweb.fr\/index.php\/wp-json\/wp\/v2\/pages\/365","targetHints":{"allow":["GET"]}}],"collection":[{"href":"https:\/\/aileweb.fr\/index.php\/wp-json\/wp\/v2\/pages"}],"about":[{"href":"https:\/\/aileweb.fr\/index.php\/wp-json\/wp\/v2\/types\/page"}],"author":[{"embeddable":true,"href":"https:\/\/aileweb.fr\/index.php\/wp-json\/wp\/v2\/users\/1"}],"replies":[{"embeddable":true,"href":"https:\/\/aileweb.fr\/index.php\/wp-json\/wp\/v2\/comments?post=365"}],"version-history":[{"count":3,"href":"https:\/\/aileweb.fr\/index.php\/wp-json\/wp\/v2\/pages\/365\/revisions"}],"predecessor-version":[{"id":414,"href":"https:\/\/aileweb.fr\/index.php\/wp-json\/wp\/v2\/pages\/365\/revisions\/414"}],"wp:attachment":[{"href":"https:\/\/aileweb.fr\/index.php\/wp-json\/wp\/v2\/media?parent=365"}],"curies":[{"name":"wp","href":"https:\/\/api.w.org\/{rel}","templated":true}]}}